{"id":8144,"date":"2020-02-24T21:13:33","date_gmt":"2020-02-24T21:13:33","guid":{"rendered":"http:\/\/ankarakitapligi.org\/sponsorlarimiz\/"},"modified":"2024-09-25T16:29:43","modified_gmt":"2024-09-25T20:29:43","slug":"sponsors","status":"publish","type":"page","link":"https:\/\/ankarakitapligi.org\/en\/sponsors\/","title":{"rendered":"Our Sponsors"},"content":{"rendered":"<div class=\"wpb-content-wrapper\"><p>[vc_row full_width=&#8221;stretch_row&#8221; parallax=&#8221;content-moving&#8221; parallax_image=&#8221;5635&#8243; disable_element=&#8221;yes&#8221; scroll_page=&#8221;&#8221;][vc_column][vc_empty_space height=&#8221;500px&#8221;][\/vc_column][\/vc_row][vc_row full_width=&#8221;stretch_row&#8221; css=&#8221;.vc_custom_1430070618403{padding-top: 100px !important;padding-bottom: 60px !important;}&#8221; scroll_page=&#8221;&#8221; parallax_bg=&#8221;tcsn-parallax&#8221;][vc_column][vc_column_text]<\/p>\n<h1 class=\"title\" style=\"text-align: center;\">Ankara Library Sponsors<\/h1>\n<p>[\/vc_column_text][vc_column_text css=&#8221;.vc_custom_1667425525055{padding-right: 50px !important;padding-left: 50px !important;}&#8221;]<\/p>\n<p style=\"text-align: center;\"><span style=\" font-size: 24px; line-height: 34px;\">Many thanks to all our sponsor who are supporting our events<\/span>\n<p>[\/vc_column_text][vc_column_text]<div class=\"line-separator\" style=\"border-color:#cfd8dc; margin-top:60px;  margin-bottom:60px;\"><\/div>[\/vc_column_text][vc_row_inner][vc_column_inner width=&#8221;1\/4&#8243;][vc_column_text css=&#8221;&#8221;]Acorn Events<\/p>\n<p><a href=\"https:\/\/advisor.investorsgroup.com\/en\/semra_albayrak\" target=\"_blank\" rel=\"noopener\">Semra Albayrak<\/a><\/p>\n<p>G\u00fclg\u00fcn &amp; Hasan Albulak<\/p>\n<p><a href=\"https:\/\/www.leasideorthodonticcentre.ca\/\" target=\"_blank\" rel=\"noopener\">Di\u015f Hekimi Dr. Emel Arat<\/a><\/p>\n<p>Selma Ar\u0131<\/p>\n<p>Meral Atabay<\/p>\n<p><a href=\"http:\/\/beyoglurestaurant.ca\/\" target=\"_blank\" rel=\"noopener\">Beyo\u011flu Kebap<\/a><\/p>\n<p><a href=\"https:\/\/www.anatoliarestaurant.com\/\" target=\"_blank\" rel=\"noopener\">Anatolia Restaurant<\/a><\/p>\n<p>Nihal &amp; Mustafa Berdan<\/p>\n<p><a href=\"https:\/\/istanbulcafe.ca\/\" target=\"_blank\" rel=\"noopener\">\u0130stanbul Cafe<\/a><\/p>\n<p><a href=\"https:\/\/www.demirer.ca\/\" target=\"_blank\" rel=\"noopener noreferrer\">Emlak Dan\u0131\u015fman\u0131 Sidar Demirer<\/a>[\/vc_column_text][\/vc_column_inner][vc_column_inner width=&#8221;1\/4&#8243; css=&#8221;.vc_custom_1430070346385{padding-bottom: 30px !important;}&#8221;][vc_column_text]EAN Painting<\/p>\n<p>East Food Market<\/p>\n<p>Elanu Co.<\/p>\n<p><a href=\"https:\/\/www.erkan.ca\/\" target=\"_blank\" rel=\"noopener noreferrer\">Emlak Uzman\u0131 \u2013 Broker Hakan Erkan<\/a><\/p>\n<p>Petek &amp; Uraz Ers\u00f6zo\u011flu<\/p>\n<p>G\u00fclay Erdo\u011fan<\/p>\n<p>S\u00fcnd\u00fcz &amp; L\u00fctf\u00fc Erkonak<\/p>\n<p>Mustafa G\u00f6ren<\/p>\n<p>Figen Hayalioglu<\/p>\n<p>Ramada Hotel[\/vc_column_text][\/vc_column_inner][vc_column_inner width=&#8221;1\/4&#8243; css=&#8221;.vc_custom_1430070352040{padding-bottom: 30px !important;}&#8221;][vc_column_text css=&#8221;&#8221;]Ay\u00e7a &amp; Halit K\u0131ncal<\/p>\n<p>Le\u00a0Pere\u00a0Evenements<\/p>\n<p><a href=\"https:\/\/www.mado.cafe\/\" target=\"_blank\" rel=\"noopener\">Mado<\/a><\/p>\n<p>Istanbul Drapery<\/p>\n<p>Mustafa Ko\u00e7<\/p>\n<p><a href=\"https:\/\/www.evrimkuran.com\/\" target=\"_blank\" rel=\"noopener\">Evrim Kuran<\/a><\/p>\n<p>T\u00fcrkan &amp; G\u00fcney Mente\u015f<\/p>\n<p>Zeynep &amp; G\u00fcn \u00d6nen<\/p>\n<p>B\u00fclent Pakdil<\/p>\n<p>Hatice Pakdil<\/p>\n<p><a href=\"https:\/\/www.samandesign.com\/\" target=\"_blank\" rel=\"noopener\">Saman Design<\/a>[\/vc_column_text][\/vc_column_inner][vc_column_inner width=&#8221;1\/4&#8243;][vc_column_text css=&#8221;&#8221;]Cenk &amp; H\u00fclya Say\u0131n<\/p>\n<p><a href=\"https:\/\/innis.utoronto.ca\/about\/space\/innis-cafe\/\" target=\"_blank\" rel=\"noopener noreferrer\">Innis Caf\u00e9 <\/a><\/p>\n<p>Feza Solaklar<\/p>\n<p><a href=\"http:\/\/dr-terzioglu.com\/\" target=\"_blank\" rel=\"noopener noreferrer\">Di\u015f Hekimi Dr. \u00dcmit Terzio\u011flu<\/a><\/p>\n<p>Beril Top\u00e7u<\/p>\n<p>F\u00fcsun &amp; Mehmet Uzuner<\/p>\n<p>Bezen &amp; Yaman \u00dcz\u00fcmeri<\/p>\n<p>Dr. G\u00f6n\u00fcl Vardar<\/p>\n<p>VinoLuna (Yeni Rak\u0131)<\/p>\n<p><a href=\"https:\/\/www.mrzagros.com\/\" target=\"_blank\" rel=\"noopener\">Mr. Zagros Thornhill<\/a>[\/vc_column_text][\/vc_column_inner][\/vc_row_inner][vc_column_text css=&#8221;.vc_custom_1582581355980{padding-right: 50px !important;padding-left: 50px !important;}&#8221;]<\/p>\n<p style=\"text-align: center;\"><span style=\" font-size: 24px; line-height: 34px;\">Media Sponsors<\/span>\n<p>[\/vc_column_text][vc_row_inner content_placement=&#8221;middle&#8221; css=&#8221;.vc_custom_1727295972877{margin-left: 80px !important;}&#8221;][vc_column_inner width=&#8221;1\/2&#8243;][vc_column_text]<a href=\"https:\/\/www.bizimanadolu.com\" target=\"_blank\" rel=\"noopener\"><img loading=\"lazy\" decoding=\"async\" class=\"alignnone wp-image-9798 size-full\" src=\"https:\/\/ankarakitapligi.org\/wp-content\/uploads\/2022\/07\/bizim-anadolu.jpg\" alt=\"Bizim Anadolu\" width=\"400\" height=\"400\" srcset=\"https:\/\/ankarakitapligi.org\/wp-content\/uploads\/2022\/07\/bizim-anadolu.jpg 400w, https:\/\/ankarakitapligi.org\/wp-content\/uploads\/2022\/07\/bizim-anadolu-300x300.jpg 300w, https:\/\/ankarakitapligi.org\/wp-content\/uploads\/2022\/07\/bizim-anadolu-150x150.jpg 150w, https:\/\/ankarakitapligi.org\/wp-content\/uploads\/2022\/07\/bizim-anadolu-100x100.jpg 100w\" sizes=\"auto, (max-width: 400px) 100vw, 400px\" \/><\/a>[\/vc_column_text][\/vc_column_inner][vc_column_inner width=&#8221;1\/2&#8243;][vc_column_text]<a href=\"https:\/\/perfectgazete.com\/\"><img loading=\"lazy\" decoding=\"async\" class=\"alignnone wp-image-9484 size-full\" src=\"https:\/\/ankarakitapligi.org\/wp-content\/uploads\/2022\/04\/gazete-pefect.jpg\" alt=\"Gazete Pefect\" width=\"400\" height=\"400\" srcset=\"https:\/\/ankarakitapligi.org\/wp-content\/uploads\/2022\/04\/gazete-pefect.jpg 400w, https:\/\/ankarakitapligi.org\/wp-content\/uploads\/2022\/04\/gazete-pefect-300x300.jpg 300w, https:\/\/ankarakitapligi.org\/wp-content\/uploads\/2022\/04\/gazete-pefect-150x150.jpg 150w, https:\/\/ankarakitapligi.org\/wp-content\/uploads\/2022\/04\/gazete-pefect-100x100.jpg 100w\" sizes=\"auto, (max-width: 400px) 100vw, 400px\" \/><\/a>[\/vc_column_text][\/vc_column_inner][\/vc_row_inner][vc_row_inner content_placement=&#8221;middle&#8221; css=&#8221;.vc_custom_1727295994710{margin-left: 80px !important;}&#8221;][vc_column_inner width=&#8221;1\/2&#8243; css=&#8221;.vc_custom_1430070352040{padding-bottom: 30px !important;}&#8221;][vc_column_text]<a href=\"https:\/\/radioperfect.net\/\" target=\"_blank\" rel=\"noopener noreferrer\"><img loading=\"lazy\" decoding=\"async\" class=\"alignnone wp-image-8149 size-full\" src=\"https:\/\/ankarakitapligi.org\/wp-content\/uploads\/2020\/02\/radio-perfect-square.jpg\" alt=\"Radi Perfect\" width=\"400\" height=\"400\" srcset=\"https:\/\/ankarakitapligi.org\/wp-content\/uploads\/2020\/02\/radio-perfect-square.jpg 400w, https:\/\/ankarakitapligi.org\/wp-content\/uploads\/2020\/02\/radio-perfect-square-300x300.jpg 300w, https:\/\/ankarakitapligi.org\/wp-content\/uploads\/2020\/02\/radio-perfect-square-150x150.jpg 150w, https:\/\/ankarakitapligi.org\/wp-content\/uploads\/2020\/02\/radio-perfect-square-85x85.jpg 85w, https:\/\/ankarakitapligi.org\/wp-content\/uploads\/2020\/02\/radio-perfect-square-100x100.jpg 100w\" sizes=\"auto, (max-width: 400px) 100vw, 400px\" \/><\/a>[\/vc_column_text][\/vc_column_inner][vc_column_inner width=&#8221;1\/2&#8243;][vc_column_text]<a href=\"https:\/\/turkuaz.ca\/\" target=\"_blank\" rel=\"noopener\"><img loading=\"lazy\" decoding=\"async\" class=\"alignnone wp-image-8147 size-full\" src=\"https:\/\/ankarakitapligi.org\/wp-content\/uploads\/2020\/02\/turkuaz-tv-square.jpg\" alt=\"Turkuaz TV\" width=\"400\" height=\"400\" srcset=\"https:\/\/ankarakitapligi.org\/wp-content\/uploads\/2020\/02\/turkuaz-tv-square.jpg 400w, https:\/\/ankarakitapligi.org\/wp-content\/uploads\/2020\/02\/turkuaz-tv-square-300x300.jpg 300w, https:\/\/ankarakitapligi.org\/wp-content\/uploads\/2020\/02\/turkuaz-tv-square-150x150.jpg 150w, https:\/\/ankarakitapligi.org\/wp-content\/uploads\/2020\/02\/turkuaz-tv-square-85x85.jpg 85w, https:\/\/ankarakitapligi.org\/wp-content\/uploads\/2020\/02\/turkuaz-tv-square-100x100.jpg 100w\" sizes=\"auto, (max-width: 400px) 100vw, 400px\" \/><\/a>[\/vc_column_text][\/vc_column_inner][\/vc_row_inner][\/vc_column][\/vc_row]<\/p>\n<\/div>","protected":false},"excerpt":{"rendered":"<p>[vc_row full_width=&#8221;stretch_row&#8221; parallax=&#8221;content-moving&#8221; parallax_image=&#8221;5635&#8243; disable_element=&#8221;yes&#8221; scroll_page=&#8221;&#8221;][vc_column][vc_empty_space height=&#8221;500px&#8221;][\/vc_column][\/vc_row][vc_row full_width=&#8221;stretch_row&#8221; css=&#8221;.vc_custom_1430070618403{padding-top: 100px !important;padding-bottom: 60px !important;}&#8221; scroll_page=&#8221;&#8221; parallax_bg=&#8221;tcsn-parallax&#8221;][vc_column][vc_column_text] Ankara Library Sponsors [\/vc_column_text][vc_column_text css=&#8221;.vc_custom_1667425525055{padding-right: 50px !important;padding-left: 50px !important;}&#8221;] [\/vc_column_text][vc_column_text][\/vc_column_text][vc_row_inner][vc_column_inner width=&#8221;1\/4&#8243;][vc_column_text css=&#8221;&#8221;]Acorn Events Semra Albayrak G\u00fclg\u00fcn &amp; Hasan Albulak Di\u015f Hekimi Dr. Emel Arat Selma Ar\u0131 Meral Atabay Beyo\u011flu Kebap Anatolia Restaurant Nihal &amp; Mustafa Berdan \u0130stanbul Cafe Emlak Dan\u0131\u015fman\u0131..<\/p>\n","protected":false},"author":1,"featured_media":0,"parent":0,"menu_order":0,"comment_status":"open","ping_status":"open","template":"","meta":{"footnotes":""},"class_list":["post-8144","page","type-page","status-publish","hentry"],"_links":{"self":[{"href":"https:\/\/ankarakitapligi.org\/en\/wp-json\/wp\/v2\/pages\/8144","targetHints":{"allow":["GET"]}}],"collection":[{"href":"https:\/\/ankarakitapligi.org\/en\/wp-json\/wp\/v2\/pages"}],"about":[{"href":"https:\/\/ankarakitapligi.org\/en\/wp-json\/wp\/v2\/types\/page"}],"author":[{"embeddable":true,"href":"https:\/\/ankarakitapligi.org\/en\/wp-json\/wp\/v2\/users\/1"}],"replies":[{"embeddable":true,"href":"https:\/\/ankarakitapligi.org\/en\/wp-json\/wp\/v2\/comments?post=8144"}],"version-history":[{"count":9,"href":"https:\/\/ankarakitapligi.org\/en\/wp-json\/wp\/v2\/pages\/8144\/revisions"}],"predecessor-version":[{"id":11184,"href":"https:\/\/ankarakitapligi.org\/en\/wp-json\/wp\/v2\/pages\/8144\/revisions\/11184"}],"wp:attachment":[{"href":"https:\/\/ankarakitapligi.org\/en\/wp-json\/wp\/v2\/media?parent=8144"}],"curies":[{"name":"wp","href":"https:\/\/api.w.org\/{rel}","templated":true}]}}