{"id":7745,"date":"2018-05-02T00:48:49","date_gmt":"2018-05-02T00:48:49","guid":{"rendered":"http:\/\/ankarakitapligi.org\/gonullu\/"},"modified":"2022-11-22T20:15:26","modified_gmt":"2022-11-23T01:15:26","slug":"volunteers","status":"publish","type":"page","link":"https:\/\/ankarakitapligi.org\/en\/volunteers\/","title":{"rendered":"Our Volunteers"},"content":{"rendered":"<div class=\"wpb-content-wrapper\"><p>[vc_row full_width=&#8221;stretch_row&#8221; parallax=&#8221;content-moving&#8221; parallax_image=&#8221;7742&#8243; scroll_page=&#8221;&#8221; parallax_bg=&#8221;tcsn-parallax-cover&#8221;][vc_column][vc_empty_space height=&#8221;280&#8243;][vc_column_text][\/vc_column_text][vc_empty_space height=&#8221;100&#8243;][\/vc_column][\/vc_row][vc_row full_width=&#8221;stretch_row&#8221; content_placement=&#8221;bottom&#8221; css=&#8221;.vc_custom_1525221680668{padding-top: 10px !important;padding-bottom: 10px !important;background-color: #23282d !important;}&#8221; scroll_page=&#8221;&#8221;][vc_column][vc_column_text]<span style=\" font-size: 24px; line-height: 30px; color: #ffffff;\">A drop of ink\u00a0may make\u00a0a\u00a0million think.<\/p>\n<p>Lord Byron<\/span>[\/vc_column_text][\/vc_column][\/vc_row][vc_row][vc_column][vc_empty_space height=&#8221;32&#8243;][\/vc_column][\/vc_row][vc_row][vc_column][vc_column_text]<\/p>\n<h2>Our Volunteers<\/h2>\n<p>[\/vc_column_text][\/vc_column][\/vc_row][vc_row equal_height=&#8221;yes&#8221; css=&#8221;.vc_custom_1524432549598{margin-top: 10px !important;margin-bottom: 10px !important;}&#8221;][vc_column width=&#8221;1\/2&#8243; css=&#8221;.vc_custom_1525285643800{padding-right: 40px !important;}&#8221;][vc_column_text]Ankara Library is a non-profit organization that has been functioning with the support of its founders, volunteers and community members for 20 years.<\/p>\n<p>We appreciate the value of our hard-working volunteers who go above and beyond to support us and we are proud that the Ontario Government has continuously awarded the Ankara Library volunteers for providing committed and dedicated service to our organization. The Ontario Volunteer Service Awards are a way for the government of to thank volunteers for their continuous years of commitment and dedicated service to a group as an adult volunteer.[\/vc_column_text][vc_column_text]<strong>Interested in working as a volunteer for Ankara Library?<\/strong><br \/>\nThen please <a href=\"https:\/\/ankarakitapligi.org\/en\/contact\/\">contact us<\/a>.[\/vc_column_text][\/vc_column][vc_column width=&#8221;1\/4&#8243;][vc_column_text]<strong>2022<\/strong><\/p>\n<ul>\n<li>Evrim Kuran &#8211; 5 years<\/li>\n<\/ul>\n<p><strong>2021<\/strong><\/p>\n<ul>\n<li>Bing\u00fcl Ataman &#8211; 5 years<\/li>\n<li>Ayfer Samanc\u0131o\u011flu &#8211; 15 years<\/li>\n<li>Nergis K\u0131rcalio\u011flu &#8211; 15 years<\/li>\n<\/ul>\n<p><strong>2020<\/strong><\/p>\n<ul>\n<li>Yaman Uzumeri &#8211; 15 years<\/li>\n<li>Birol Uzunmehmeto\u011flu &#8211; 15 years<\/li>\n<li>Fulden Erkan &#8211; 5 years<\/li>\n<li>Ne\u015fet K\u0131rcalio\u011flu &#8211; 5 years<\/li>\n<\/ul>\n<p><strong>2019<\/strong><\/p>\n<ul>\n<li>Sel\u00e7uk Heybet\u00a0 &#8211; 15 years<\/li>\n<li>Selime Ameli &#8211; 10 years<\/li>\n<li>Asl\u0131g\u00fcl Atabay &#8211; 5 years<\/li>\n<li>Elif Barut &#8211; 5 years<\/li>\n<\/ul>\n<p><strong>2018<\/strong><\/p>\n<ul>\n<li>Y\u0131ld\u0131z \u00dcnsal &#8211; 15 years<\/li>\n<li>Sevcan T\u00fcrkben &#8211; 15 years<\/li>\n<\/ul>\n<p>[\/vc_column_text][\/vc_column][vc_column width=&#8221;1\/4&#8243;][vc_column_text]<strong>\u00a02017<\/strong><\/p>\n<ul>\n<li>Aysan Sev&#8217;er &#8211; 15 years<\/li>\n<li>Mustafa Ko\u00e7 &#8211; 15 years<\/li>\n<li>Hilmiye Furlani &#8211; 15 years<\/li>\n<li>Mustafa Doygun &#8211; 15 years<\/li>\n<li>Emel Arat &#8211; 15 years<\/li>\n<li>Elvan Amasya &#8211; 15 years<\/li>\n<li>Deniz Amasya &#8211; 2 years<\/li>\n<\/ul>\n<p><strong>2016<\/strong><\/p>\n<ul>\n<li>Osman Baran &#8211; 15 years<\/li>\n<li>Kemal T\u00fcrkben &#8211; 15 years<\/li>\n<\/ul>\n<p><strong>\u00a02015<\/strong><\/p>\n<ul>\n<li>\u00d6zen Vekilo\u011flu &#8211; 15 years<\/li>\n<li>Ra\u015fide Bor &#8211; 15 years<\/li>\n<\/ul>\n<p>[\/vc_column_text][\/vc_column][\/vc_row][vc_row css=&#8221;.vc_custom_1525224335421{padding-top: 40px !important;}&#8221;][vc_column][vc_column_text]<\/p>\n<h2 style=\"text-align: center;\">Snapshots from the Ontario Volunteer Service Awards<\/h2>\n<div class=\"line-separator\" style=\"border-color:#cfd8dc; margin-top:20px;  margin-bottom:20px;\"><\/div>[\/vc_column_text][\/vc_column][\/vc_row][vc_row][vc_column][vc_column_text]<\/p>\n\n\t\t<style type=\"text\/css\">\n\t\t\t#gallery-1 {\n\t\t\t\tmargin: auto;\n\t\t\t}\n\t\t\t#gallery-1 .gallery-item {\n\t\t\t\tfloat: left;\n\t\t\t\tmargin-top: 10px;\n\t\t\t\ttext-align: center;\n\t\t\t\twidth: 20%;\n\t\t\t}\n\t\t\t#gallery-1 img {\n\t\t\t\tborder: 2px solid #cfcfcf;\n\t\t\t}\n\t\t\t#gallery-1 .gallery-caption {\n\t\t\t\tmargin-left: 0;\n\t\t\t}\n\t\t\t\/* see gallery_shortcode() in wp-includes\/media.php *\/\n\t\t<\/style>\n\t\t<div id='gallery-1' class='gallery galleryid-7745 gallery-columns-5 gallery-size-thumbnail'><dl class='gallery-item'>\n\t\t\t<dt class='gallery-icon landscape'>\n\t\t\t\t<a href='https:\/\/ankarakitapligi.org\/wp-content\/uploads\/2019\/11\/volunteers-2019c.jpg'><img loading=\"lazy\" decoding=\"async\" width=\"150\" height=\"150\" src=\"https:\/\/ankarakitapligi.org\/wp-content\/uploads\/2019\/11\/volunteers-2019c-150x150.jpg\" class=\"attachment-thumbnail size-thumbnail\" alt=\"Ankara Library 2019 volunteer awards\" srcset=\"https:\/\/ankarakitapligi.org\/wp-content\/uploads\/2019\/11\/volunteers-2019c-150x150.jpg 150w, https:\/\/ankarakitapligi.org\/wp-content\/uploads\/2019\/11\/volunteers-2019c-300x300.jpg 300w, https:\/\/ankarakitapligi.org\/wp-content\/uploads\/2019\/11\/volunteers-2019c-85x85.jpg 85w, https:\/\/ankarakitapligi.org\/wp-content\/uploads\/2019\/11\/volunteers-2019c-100x100.jpg 100w\" sizes=\"auto, (max-width: 150px) 100vw, 150px\" \/><\/a>\n\t\t\t<\/dt><\/dl><dl class='gallery-item'>\n\t\t\t<dt class='gallery-icon landscape'>\n\t\t\t\t<a href='https:\/\/ankarakitapligi.org\/wp-content\/uploads\/2019\/11\/volunteers-2019d.jpg'><img loading=\"lazy\" decoding=\"async\" width=\"150\" height=\"150\" src=\"https:\/\/ankarakitapligi.org\/wp-content\/uploads\/2019\/11\/volunteers-2019d-150x150.jpg\" class=\"attachment-thumbnail size-thumbnail\" alt=\"Ankara Library 2019 volunteer awards\" srcset=\"https:\/\/ankarakitapligi.org\/wp-content\/uploads\/2019\/11\/volunteers-2019d-150x150.jpg 150w, https:\/\/ankarakitapligi.org\/wp-content\/uploads\/2019\/11\/volunteers-2019d-300x300.jpg 300w, https:\/\/ankarakitapligi.org\/wp-content\/uploads\/2019\/11\/volunteers-2019d-85x85.jpg 85w, https:\/\/ankarakitapligi.org\/wp-content\/uploads\/2019\/11\/volunteers-2019d-100x100.jpg 100w\" sizes=\"auto, (max-width: 150px) 100vw, 150px\" \/><\/a>\n\t\t\t<\/dt><\/dl><dl class='gallery-item'>\n\t\t\t<dt class='gallery-icon landscape'>\n\t\t\t\t<a href='https:\/\/ankarakitapligi.org\/wp-content\/uploads\/2019\/11\/volunteers-2019e.jpg'><img loading=\"lazy\" decoding=\"async\" width=\"150\" height=\"150\" src=\"https:\/\/ankarakitapligi.org\/wp-content\/uploads\/2019\/11\/volunteers-2019e-150x150.jpg\" class=\"attachment-thumbnail size-thumbnail\" alt=\"Ankara Library 2019 volunteer awards\" srcset=\"https:\/\/ankarakitapligi.org\/wp-content\/uploads\/2019\/11\/volunteers-2019e-150x150.jpg 150w, https:\/\/ankarakitapligi.org\/wp-content\/uploads\/2019\/11\/volunteers-2019e-300x300.jpg 300w, https:\/\/ankarakitapligi.org\/wp-content\/uploads\/2019\/11\/volunteers-2019e-85x85.jpg 85w, https:\/\/ankarakitapligi.org\/wp-content\/uploads\/2019\/11\/volunteers-2019e-100x100.jpg 100w\" sizes=\"auto, (max-width: 150px) 100vw, 150px\" \/><\/a>\n\t\t\t<\/dt><\/dl><dl class='gallery-item'>\n\t\t\t<dt class='gallery-icon landscape'>\n\t\t\t\t<a href='https:\/\/ankarakitapligi.org\/wp-content\/uploads\/2019\/11\/volunteers-2019f.jpg'><img loading=\"lazy\" decoding=\"async\" width=\"150\" height=\"150\" src=\"https:\/\/ankarakitapligi.org\/wp-content\/uploads\/2019\/11\/volunteers-2019f-150x150.jpg\" class=\"attachment-thumbnail size-thumbnail\" alt=\"Ankara Library 2019 volunteer awards\" srcset=\"https:\/\/ankarakitapligi.org\/wp-content\/uploads\/2019\/11\/volunteers-2019f-150x150.jpg 150w, https:\/\/ankarakitapligi.org\/wp-content\/uploads\/2019\/11\/volunteers-2019f-300x300.jpg 300w, https:\/\/ankarakitapligi.org\/wp-content\/uploads\/2019\/11\/volunteers-2019f-85x85.jpg 85w, https:\/\/ankarakitapligi.org\/wp-content\/uploads\/2019\/11\/volunteers-2019f-100x100.jpg 100w\" sizes=\"auto, (max-width: 150px) 100vw, 150px\" \/><\/a>\n\t\t\t<\/dt><\/dl><dl class='gallery-item'>\n\t\t\t<dt class='gallery-icon landscape'>\n\t\t\t\t<a href='https:\/\/ankarakitapligi.org\/wp-content\/uploads\/2019\/11\/volunteers-2019g.jpg'><img loading=\"lazy\" decoding=\"async\" width=\"150\" height=\"150\" src=\"https:\/\/ankarakitapligi.org\/wp-content\/uploads\/2019\/11\/volunteers-2019g-150x150.jpg\" class=\"attachment-thumbnail size-thumbnail\" alt=\"Ankara Library 2019 volunteer awards\" srcset=\"https:\/\/ankarakitapligi.org\/wp-content\/uploads\/2019\/11\/volunteers-2019g-150x150.jpg 150w, https:\/\/ankarakitapligi.org\/wp-content\/uploads\/2019\/11\/volunteers-2019g-300x300.jpg 300w, https:\/\/ankarakitapligi.org\/wp-content\/uploads\/2019\/11\/volunteers-2019g-85x85.jpg 85w, https:\/\/ankarakitapligi.org\/wp-content\/uploads\/2019\/11\/volunteers-2019g-100x100.jpg 100w\" sizes=\"auto, (max-width: 150px) 100vw, 150px\" \/><\/a>\n\t\t\t<\/dt><\/dl><br style=\"clear: both\" \/><dl class='gallery-item'>\n\t\t\t<dt class='gallery-icon portrait'>\n\t\t\t\t<a href='https:\/\/ankarakitapligi.org\/wp-content\/uploads\/2018\/05\/2017-gonulluler6.jpg'><img loading=\"lazy\" decoding=\"async\" width=\"150\" height=\"150\" src=\"https:\/\/ankarakitapligi.org\/wp-content\/uploads\/2018\/05\/2017-gonulluler6-150x150.jpg\" class=\"attachment-thumbnail size-thumbnail\" alt=\"\" srcset=\"https:\/\/ankarakitapligi.org\/wp-content\/uploads\/2018\/05\/2017-gonulluler6-150x150.jpg 150w, https:\/\/ankarakitapligi.org\/wp-content\/uploads\/2018\/05\/2017-gonulluler6-300x300.jpg 300w, https:\/\/ankarakitapligi.org\/wp-content\/uploads\/2018\/05\/2017-gonulluler6-100x100.jpg 100w\" sizes=\"auto, (max-width: 150px) 100vw, 150px\" \/><\/a>\n\t\t\t<\/dt><\/dl><dl class='gallery-item'>\n\t\t\t<dt class='gallery-icon landscape'>\n\t\t\t\t<a href='https:\/\/ankarakitapligi.org\/wp-content\/uploads\/2018\/05\/2018-gonulluler10.jpg'><img loading=\"lazy\" decoding=\"async\" width=\"150\" height=\"150\" src=\"https:\/\/ankarakitapligi.org\/wp-content\/uploads\/2018\/05\/2018-gonulluler10-150x150.jpg\" class=\"attachment-thumbnail size-thumbnail\" alt=\"\" srcset=\"https:\/\/ankarakitapligi.org\/wp-content\/uploads\/2018\/05\/2018-gonulluler10-150x150.jpg 150w, https:\/\/ankarakitapligi.org\/wp-content\/uploads\/2018\/05\/2018-gonulluler10-300x300.jpg 300w, https:\/\/ankarakitapligi.org\/wp-content\/uploads\/2018\/05\/2018-gonulluler10-100x100.jpg 100w\" sizes=\"auto, (max-width: 150px) 100vw, 150px\" \/><\/a>\n\t\t\t<\/dt><\/dl><dl class='gallery-item'>\n\t\t\t<dt class='gallery-icon landscape'>\n\t\t\t\t<a href='https:\/\/ankarakitapligi.org\/wp-content\/uploads\/2018\/05\/2018-gonulluler8.jpg'><img loading=\"lazy\" decoding=\"async\" width=\"150\" height=\"150\" src=\"https:\/\/ankarakitapligi.org\/wp-content\/uploads\/2018\/05\/2018-gonulluler8-150x150.jpg\" class=\"attachment-thumbnail size-thumbnail\" alt=\"\" srcset=\"https:\/\/ankarakitapligi.org\/wp-content\/uploads\/2018\/05\/2018-gonulluler8-150x150.jpg 150w, https:\/\/ankarakitapligi.org\/wp-content\/uploads\/2018\/05\/2018-gonulluler8-300x300.jpg 300w, https:\/\/ankarakitapligi.org\/wp-content\/uploads\/2018\/05\/2018-gonulluler8-100x100.jpg 100w\" sizes=\"auto, (max-width: 150px) 100vw, 150px\" \/><\/a>\n\t\t\t<\/dt><\/dl><dl class='gallery-item'>\n\t\t\t<dt class='gallery-icon portrait'>\n\t\t\t\t<a href='https:\/\/ankarakitapligi.org\/wp-content\/uploads\/2018\/05\/2018-gonulluler3.jpg'><img loading=\"lazy\" decoding=\"async\" width=\"150\" height=\"150\" src=\"https:\/\/ankarakitapligi.org\/wp-content\/uploads\/2018\/05\/2018-gonulluler3-150x150.jpg\" class=\"attachment-thumbnail size-thumbnail\" alt=\"\" srcset=\"https:\/\/ankarakitapligi.org\/wp-content\/uploads\/2018\/05\/2018-gonulluler3-150x150.jpg 150w, https:\/\/ankarakitapligi.org\/wp-content\/uploads\/2018\/05\/2018-gonulluler3-300x300.jpg 300w, https:\/\/ankarakitapligi.org\/wp-content\/uploads\/2018\/05\/2018-gonulluler3-100x100.jpg 100w\" sizes=\"auto, (max-width: 150px) 100vw, 150px\" \/><\/a>\n\t\t\t<\/dt><\/dl><dl class='gallery-item'>\n\t\t\t<dt class='gallery-icon landscape'>\n\t\t\t\t<a href='https:\/\/ankarakitapligi.org\/wp-content\/uploads\/2018\/05\/2018-gonulluler4.jpg'><img loading=\"lazy\" decoding=\"async\" width=\"150\" height=\"150\" src=\"https:\/\/ankarakitapligi.org\/wp-content\/uploads\/2018\/05\/2018-gonulluler4-150x150.jpg\" class=\"attachment-thumbnail size-thumbnail\" alt=\"\" srcset=\"https:\/\/ankarakitapligi.org\/wp-content\/uploads\/2018\/05\/2018-gonulluler4-150x150.jpg 150w, https:\/\/ankarakitapligi.org\/wp-content\/uploads\/2018\/05\/2018-gonulluler4-300x300.jpg 300w, https:\/\/ankarakitapligi.org\/wp-content\/uploads\/2018\/05\/2018-gonulluler4-100x100.jpg 100w\" sizes=\"auto, (max-width: 150px) 100vw, 150px\" \/><\/a>\n\t\t\t<\/dt><\/dl><br style=\"clear: both\" \/><dl class='gallery-item'>\n\t\t\t<dt class='gallery-icon landscape'>\n\t\t\t\t<a href='https:\/\/ankarakitapligi.org\/wp-content\/uploads\/2018\/05\/2018-gonulluler7.jpg'><img loading=\"lazy\" decoding=\"async\" width=\"150\" height=\"150\" src=\"https:\/\/ankarakitapligi.org\/wp-content\/uploads\/2018\/05\/2018-gonulluler7-150x150.jpg\" class=\"attachment-thumbnail size-thumbnail\" alt=\"\" srcset=\"https:\/\/ankarakitapligi.org\/wp-content\/uploads\/2018\/05\/2018-gonulluler7-150x150.jpg 150w, https:\/\/ankarakitapligi.org\/wp-content\/uploads\/2018\/05\/2018-gonulluler7-300x300.jpg 300w, https:\/\/ankarakitapligi.org\/wp-content\/uploads\/2018\/05\/2018-gonulluler7-100x100.jpg 100w\" sizes=\"auto, (max-width: 150px) 100vw, 150px\" \/><\/a>\n\t\t\t<\/dt><\/dl><dl class='gallery-item'>\n\t\t\t<dt class='gallery-icon portrait'>\n\t\t\t\t<a href='https:\/\/ankarakitapligi.org\/wp-content\/uploads\/2018\/05\/2017-gonullule9.jpg'><img loading=\"lazy\" decoding=\"async\" width=\"150\" height=\"150\" src=\"https:\/\/ankarakitapligi.org\/wp-content\/uploads\/2018\/05\/2017-gonullule9-150x150.jpg\" class=\"attachment-thumbnail size-thumbnail\" alt=\"\" srcset=\"https:\/\/ankarakitapligi.org\/wp-content\/uploads\/2018\/05\/2017-gonullule9-150x150.jpg 150w, https:\/\/ankarakitapligi.org\/wp-content\/uploads\/2018\/05\/2017-gonullule9-300x300.jpg 300w, https:\/\/ankarakitapligi.org\/wp-content\/uploads\/2018\/05\/2017-gonullule9-100x100.jpg 100w\" sizes=\"auto, (max-width: 150px) 100vw, 150px\" \/><\/a>\n\t\t\t<\/dt><\/dl><dl class='gallery-item'>\n\t\t\t<dt class='gallery-icon landscape'>\n\t\t\t\t<a href='https:\/\/ankarakitapligi.org\/wp-content\/uploads\/2018\/05\/gonullu-hero.jpg'><img loading=\"lazy\" decoding=\"async\" width=\"150\" height=\"150\" src=\"https:\/\/ankarakitapligi.org\/wp-content\/uploads\/2018\/05\/gonullu-hero-150x150.jpg\" class=\"attachment-thumbnail size-thumbnail\" alt=\"\" srcset=\"https:\/\/ankarakitapligi.org\/wp-content\/uploads\/2018\/05\/gonullu-hero-150x150.jpg 150w, https:\/\/ankarakitapligi.org\/wp-content\/uploads\/2018\/05\/gonullu-hero-300x300.jpg 300w, https:\/\/ankarakitapligi.org\/wp-content\/uploads\/2018\/05\/gonullu-hero-100x100.jpg 100w\" sizes=\"auto, (max-width: 150px) 100vw, 150px\" \/><\/a>\n\t\t\t<\/dt><\/dl><dl class='gallery-item'>\n\t\t\t<dt class='gallery-icon landscape'>\n\t\t\t\t<a href='https:\/\/ankarakitapligi.org\/wp-content\/uploads\/2018\/05\/2017-gonulluler12.jpg'><img loading=\"lazy\" decoding=\"async\" width=\"150\" height=\"150\" src=\"https:\/\/ankarakitapligi.org\/wp-content\/uploads\/2018\/05\/2017-gonulluler12-150x150.jpg\" class=\"attachment-thumbnail size-thumbnail\" alt=\"\" srcset=\"https:\/\/ankarakitapligi.org\/wp-content\/uploads\/2018\/05\/2017-gonulluler12-150x150.jpg 150w, https:\/\/ankarakitapligi.org\/wp-content\/uploads\/2018\/05\/2017-gonulluler12-300x300.jpg 300w, https:\/\/ankarakitapligi.org\/wp-content\/uploads\/2018\/05\/2017-gonulluler12-100x100.jpg 100w\" sizes=\"auto, (max-width: 150px) 100vw, 150px\" \/><\/a>\n\t\t\t<\/dt><\/dl><dl class='gallery-item'>\n\t\t\t<dt class='gallery-icon landscape'>\n\t\t\t\t<a href='https:\/\/ankarakitapligi.org\/wp-content\/uploads\/2018\/05\/2017-gonulluler13.jpg'><img loading=\"lazy\" decoding=\"async\" width=\"150\" height=\"150\" src=\"https:\/\/ankarakitapligi.org\/wp-content\/uploads\/2018\/05\/2017-gonulluler13-150x150.jpg\" class=\"attachment-thumbnail size-thumbnail\" alt=\"\" srcset=\"https:\/\/ankarakitapligi.org\/wp-content\/uploads\/2018\/05\/2017-gonulluler13-150x150.jpg 150w, https:\/\/ankarakitapligi.org\/wp-content\/uploads\/2018\/05\/2017-gonulluler13-300x300.jpg 300w, https:\/\/ankarakitapligi.org\/wp-content\/uploads\/2018\/05\/2017-gonulluler13-100x100.jpg 100w\" sizes=\"auto, (max-width: 150px) 100vw, 150px\" \/><\/a>\n\t\t\t<\/dt><\/dl><br style=\"clear: both\" \/><dl class='gallery-item'>\n\t\t\t<dt class='gallery-icon landscape'>\n\t\t\t\t<a href='https:\/\/ankarakitapligi.org\/wp-content\/uploads\/2018\/05\/2017-gonulluler14.jpg'><img loading=\"lazy\" decoding=\"async\" width=\"150\" height=\"150\" src=\"https:\/\/ankarakitapligi.org\/wp-content\/uploads\/2018\/05\/2017-gonulluler14-150x150.jpg\" class=\"attachment-thumbnail size-thumbnail\" alt=\"\" srcset=\"https:\/\/ankarakitapligi.org\/wp-content\/uploads\/2018\/05\/2017-gonulluler14-150x150.jpg 150w, https:\/\/ankarakitapligi.org\/wp-content\/uploads\/2018\/05\/2017-gonulluler14-300x300.jpg 300w, https:\/\/ankarakitapligi.org\/wp-content\/uploads\/2018\/05\/2017-gonulluler14-100x100.jpg 100w\" sizes=\"auto, (max-width: 150px) 100vw, 150px\" \/><\/a>\n\t\t\t<\/dt><\/dl><dl class='gallery-item'>\n\t\t\t<dt class='gallery-icon landscape'>\n\t\t\t\t<a href='https:\/\/ankarakitapligi.org\/wp-content\/uploads\/2018\/05\/2017-gonulluler1.jpg'><img loading=\"lazy\" decoding=\"async\" width=\"150\" height=\"150\" src=\"https:\/\/ankarakitapligi.org\/wp-content\/uploads\/2018\/05\/2017-gonulluler1-150x150.jpg\" class=\"attachment-thumbnail size-thumbnail\" alt=\"\" srcset=\"https:\/\/ankarakitapligi.org\/wp-content\/uploads\/2018\/05\/2017-gonulluler1-150x150.jpg 150w, https:\/\/ankarakitapligi.org\/wp-content\/uploads\/2018\/05\/2017-gonulluler1-300x300.jpg 300w, https:\/\/ankarakitapligi.org\/wp-content\/uploads\/2018\/05\/2017-gonulluler1-100x100.jpg 100w\" sizes=\"auto, (max-width: 150px) 100vw, 150px\" \/><\/a>\n\t\t\t<\/dt><\/dl><dl class='gallery-item'>\n\t\t\t<dt class='gallery-icon landscape'>\n\t\t\t\t<a href='https:\/\/ankarakitapligi.org\/wp-content\/uploads\/2018\/05\/2017-gonulluler2.jpg'><img loading=\"lazy\" decoding=\"async\" width=\"150\" height=\"150\" src=\"https:\/\/ankarakitapligi.org\/wp-content\/uploads\/2018\/05\/2017-gonulluler2-150x150.jpg\" class=\"attachment-thumbnail size-thumbnail\" alt=\"\" srcset=\"https:\/\/ankarakitapligi.org\/wp-content\/uploads\/2018\/05\/2017-gonulluler2-150x150.jpg 150w, https:\/\/ankarakitapligi.org\/wp-content\/uploads\/2018\/05\/2017-gonulluler2-300x300.jpg 300w, https:\/\/ankarakitapligi.org\/wp-content\/uploads\/2018\/05\/2017-gonulluler2-100x100.jpg 100w\" sizes=\"auto, (max-width: 150px) 100vw, 150px\" \/><\/a>\n\t\t\t<\/dt><\/dl><dl class='gallery-item'>\n\t\t\t<dt class='gallery-icon landscape'>\n\t\t\t\t<a href='https:\/\/ankarakitapligi.org\/wp-content\/uploads\/2018\/05\/2017-gonulluler4.jpg'><img loading=\"lazy\" decoding=\"async\" width=\"150\" height=\"150\" src=\"https:\/\/ankarakitapligi.org\/wp-content\/uploads\/2018\/05\/2017-gonulluler4-150x150.jpg\" class=\"attachment-thumbnail size-thumbnail\" alt=\"\" srcset=\"https:\/\/ankarakitapligi.org\/wp-content\/uploads\/2018\/05\/2017-gonulluler4-150x150.jpg 150w, https:\/\/ankarakitapligi.org\/wp-content\/uploads\/2018\/05\/2017-gonulluler4-300x300.jpg 300w, https:\/\/ankarakitapligi.org\/wp-content\/uploads\/2018\/05\/2017-gonulluler4-100x100.jpg 100w\" sizes=\"auto, (max-width: 150px) 100vw, 150px\" \/><\/a>\n\t\t\t<\/dt><\/dl><dl class='gallery-item'>\n\t\t\t<dt class='gallery-icon landscape'>\n\t\t\t\t<a href='https:\/\/ankarakitapligi.org\/wp-content\/uploads\/2018\/05\/2017-gonulluler5.jpg'><img loading=\"lazy\" decoding=\"async\" width=\"150\" height=\"150\" src=\"https:\/\/ankarakitapligi.org\/wp-content\/uploads\/2018\/05\/2017-gonulluler5-150x150.jpg\" class=\"attachment-thumbnail size-thumbnail\" alt=\"\" srcset=\"https:\/\/ankarakitapligi.org\/wp-content\/uploads\/2018\/05\/2017-gonulluler5-150x150.jpg 150w, https:\/\/ankarakitapligi.org\/wp-content\/uploads\/2018\/05\/2017-gonulluler5-300x300.jpg 300w, https:\/\/ankarakitapligi.org\/wp-content\/uploads\/2018\/05\/2017-gonulluler5-100x100.jpg 100w\" sizes=\"auto, (max-width: 150px) 100vw, 150px\" \/><\/a>\n\t\t\t<\/dt><\/dl><br style=\"clear: both\" \/><dl class='gallery-item'>\n\t\t\t<dt class='gallery-icon landscape'>\n\t\t\t\t<a href='https:\/\/ankarakitapligi.org\/wp-content\/uploads\/2018\/05\/2017-gonulluler7.jpg'><img loading=\"lazy\" decoding=\"async\" width=\"150\" height=\"150\" src=\"https:\/\/ankarakitapligi.org\/wp-content\/uploads\/2018\/05\/2017-gonulluler7-150x150.jpg\" class=\"attachment-thumbnail size-thumbnail\" alt=\"\" srcset=\"https:\/\/ankarakitapligi.org\/wp-content\/uploads\/2018\/05\/2017-gonulluler7-150x150.jpg 150w, https:\/\/ankarakitapligi.org\/wp-content\/uploads\/2018\/05\/2017-gonulluler7-300x300.jpg 300w, https:\/\/ankarakitapligi.org\/wp-content\/uploads\/2018\/05\/2017-gonulluler7-100x100.jpg 100w\" sizes=\"auto, (max-width: 150px) 100vw, 150px\" \/><\/a>\n\t\t\t<\/dt><\/dl><dl class='gallery-item'>\n\t\t\t<dt class='gallery-icon landscape'>\n\t\t\t\t<a href='https:\/\/ankarakitapligi.org\/wp-content\/uploads\/2018\/05\/2017-gonulluler8.jpg'><img loading=\"lazy\" decoding=\"async\" width=\"150\" height=\"150\" src=\"https:\/\/ankarakitapligi.org\/wp-content\/uploads\/2018\/05\/2017-gonulluler8-150x150.jpg\" class=\"attachment-thumbnail size-thumbnail\" alt=\"\" srcset=\"https:\/\/ankarakitapligi.org\/wp-content\/uploads\/2018\/05\/2017-gonulluler8-150x150.jpg 150w, https:\/\/ankarakitapligi.org\/wp-content\/uploads\/2018\/05\/2017-gonulluler8-300x300.jpg 300w, https:\/\/ankarakitapligi.org\/wp-content\/uploads\/2018\/05\/2017-gonulluler8-100x100.jpg 100w\" sizes=\"auto, (max-width: 150px) 100vw, 150px\" \/><\/a>\n\t\t\t<\/dt><\/dl><dl class='gallery-item'>\n\t\t\t<dt class='gallery-icon landscape'>\n\t\t\t\t<a href='https:\/\/ankarakitapligi.org\/wp-content\/uploads\/2018\/05\/2017-gonulluler11.jpg'><img loading=\"lazy\" decoding=\"async\" width=\"150\" height=\"150\" src=\"https:\/\/ankarakitapligi.org\/wp-content\/uploads\/2018\/05\/2017-gonulluler11-150x150.jpg\" class=\"attachment-thumbnail size-thumbnail\" alt=\"\" srcset=\"https:\/\/ankarakitapligi.org\/wp-content\/uploads\/2018\/05\/2017-gonulluler11-150x150.jpg 150w, https:\/\/ankarakitapligi.org\/wp-content\/uploads\/2018\/05\/2017-gonulluler11-300x300.jpg 300w, https:\/\/ankarakitapligi.org\/wp-content\/uploads\/2018\/05\/2017-gonulluler11-100x100.jpg 100w\" sizes=\"auto, (max-width: 150px) 100vw, 150px\" \/><\/a>\n\t\t\t<\/dt><\/dl><dl class='gallery-item'>\n\t\t\t<dt class='gallery-icon landscape'>\n\t\t\t\t<a href='https:\/\/ankarakitapligi.org\/wp-content\/uploads\/2018\/05\/2017-gonulluler3.jpg'><img loading=\"lazy\" decoding=\"async\" width=\"150\" height=\"150\" src=\"https:\/\/ankarakitapligi.org\/wp-content\/uploads\/2018\/05\/2017-gonulluler3-150x150.jpg\" class=\"attachment-thumbnail size-thumbnail\" alt=\"\" srcset=\"https:\/\/ankarakitapligi.org\/wp-content\/uploads\/2018\/05\/2017-gonulluler3-150x150.jpg 150w, https:\/\/ankarakitapligi.org\/wp-content\/uploads\/2018\/05\/2017-gonulluler3-300x300.jpg 300w, https:\/\/ankarakitapligi.org\/wp-content\/uploads\/2018\/05\/2017-gonulluler3-100x100.jpg 100w\" sizes=\"auto, (max-width: 150px) 100vw, 150px\" \/><\/a>\n\t\t\t<\/dt><\/dl><dl class='gallery-item'>\n\t\t\t<dt class='gallery-icon portrait'>\n\t\t\t\t<a href='https:\/\/ankarakitapligi.org\/wp-content\/uploads\/2018\/05\/2017-gonulluler10.jpg'><img loading=\"lazy\" decoding=\"async\" width=\"150\" height=\"150\" src=\"https:\/\/ankarakitapligi.org\/wp-content\/uploads\/2018\/05\/2017-gonulluler10-150x150.jpg\" class=\"attachment-thumbnail size-thumbnail\" alt=\"\" srcset=\"https:\/\/ankarakitapligi.org\/wp-content\/uploads\/2018\/05\/2017-gonulluler10-150x150.jpg 150w, https:\/\/ankarakitapligi.org\/wp-content\/uploads\/2018\/05\/2017-gonulluler10-300x300.jpg 300w, https:\/\/ankarakitapligi.org\/wp-content\/uploads\/2018\/05\/2017-gonulluler10-100x100.jpg 100w\" sizes=\"auto, (max-width: 150px) 100vw, 150px\" \/><\/a>\n\t\t\t<\/dt><\/dl><br style=\"clear: both\" \/>\n\t\t<\/div>\n\n<p>[\/vc_column_text][\/vc_column][\/vc_row]<\/p>\n<\/div>","protected":false},"excerpt":{"rendered":"<p>[vc_row full_width=&#8221;stretch_row&#8221; parallax=&#8221;content-moving&#8221; parallax_image=&#8221;7742&#8243; scroll_page=&#8221;&#8221; parallax_bg=&#8221;tcsn-parallax-cover&#8221;][vc_column][vc_empty_space height=&#8221;280&#8243;][vc_column_text][\/vc_column_text][vc_empty_space height=&#8221;100&#8243;][\/vc_column][\/vc_row][vc_row full_width=&#8221;stretch_row&#8221; content_placement=&#8221;bottom&#8221; css=&#8221;.vc_custom_1525221680668{padding-top: 10px !important;padding-bottom: 10px !important;background-color: #23282d !important;}&#8221; scroll_page=&#8221;&#8221;][vc_column][vc_column_text][\/vc_column_text][\/vc_column][\/vc_row][vc_row][vc_column][vc_empty_space height=&#8221;32&#8243;][\/vc_column][\/vc_row][vc_row][vc_column][vc_column_text] Our Volunteers [\/vc_column_text][\/vc_column][\/vc_row][vc_row equal_height=&#8221;yes&#8221; css=&#8221;.vc_custom_1524432549598{margin-top: 10px !important;margin-bottom: 10px !important;}&#8221;][vc_column width=&#8221;1\/2&#8243; css=&#8221;.vc_custom_1525285643800{padding-right: 40px !important;}&#8221;][vc_column_text]Ankara Library is a non-profit organization that has been functioning with the support of its founders, volunteers and community members for 20 years. We..<\/p>\n","protected":false},"author":1,"featured_media":0,"parent":0,"menu_order":0,"comment_status":"open","ping_status":"open","template":"template-no-page-header.php","meta":{"footnotes":""},"class_list":["post-7745","page","type-page","status-publish","hentry"],"_links":{"self":[{"href":"https:\/\/ankarakitapligi.org\/en\/wp-json\/wp\/v2\/pages\/7745","targetHints":{"allow":["GET"]}}],"collection":[{"href":"https:\/\/ankarakitapligi.org\/en\/wp-json\/wp\/v2\/pages"}],"about":[{"href":"https:\/\/ankarakitapligi.org\/en\/wp-json\/wp\/v2\/types\/page"}],"author":[{"embeddable":true,"href":"https:\/\/ankarakitapligi.org\/en\/wp-json\/wp\/v2\/users\/1"}],"replies":[{"embeddable":true,"href":"https:\/\/ankarakitapligi.org\/en\/wp-json\/wp\/v2\/comments?post=7745"}],"version-history":[{"count":5,"href":"https:\/\/ankarakitapligi.org\/en\/wp-json\/wp\/v2\/pages\/7745\/revisions"}],"predecessor-version":[{"id":9879,"href":"https:\/\/ankarakitapligi.org\/en\/wp-json\/wp\/v2\/pages\/7745\/revisions\/9879"}],"wp:attachment":[{"href":"https:\/\/ankarakitapligi.org\/en\/wp-json\/wp\/v2\/media?parent=7745"}],"curies":[{"name":"wp","href":"https:\/\/api.w.org\/{rel}","templated":true}]}}