{"id":10681,"date":"2023-12-24T16:24:47","date_gmt":"2023-12-24T21:24:47","guid":{"rendered":"https:\/\/ankarakitapligi.org\/2022-etkinlikleri\/"},"modified":"2023-12-24T16:46:13","modified_gmt":"2023-12-24T21:46:13","slug":"2022-events","status":"publish","type":"page","link":"https:\/\/ankarakitapligi.org\/en\/2022-events\/","title":{"rendered":"2022 Events"},"content":{"rendered":"<div class=\"wpb-content-wrapper\"><p>[vc_row css=&#8221;.vc_custom_1650846778806{background-color: #efefef !important;}&#8221;][vc_column][vc_column_text]<\/p>\n<h2>2022 Events<\/h2>\n<p>[\/vc_column_text][vc_row_inner][vc_column_inner width=&#8221;1\/3&#8243;][vc_video link=&#8221;https:\/\/youtu.be\/WI2nVq683bw&#8221;][\/vc_column_inner][vc_column_inner width=&#8221;2\/3&#8243;][vc_column_text]<\/p>\n<h4>In remembrance<\/h4>\n<p>Sevim \u00d6nen<br \/>\n28.01.1924 &#8211; 3.02.2022[\/vc_column_text][\/vc_column_inner][\/vc_row_inner][vc_row_inner][vc_column_inner width=&#8221;1\/3&#8243;][vc_column_text]<img loading=\"lazy\" decoding=\"async\" class=\"alignnone size-full wp-image-9931\" src=\"https:\/\/ankarakitapligi.org\/wp-content\/uploads\/2022\/11\/lg-la-diva-turca-web-en-thumb.jpg\" alt=\"Leyla Gencer - La diva Turca poster\" width=\"1000\" height=\"1000\" srcset=\"https:\/\/ankarakitapligi.org\/wp-content\/uploads\/2022\/11\/lg-la-diva-turca-web-en-thumb.jpg 1000w, https:\/\/ankarakitapligi.org\/wp-content\/uploads\/2022\/11\/lg-la-diva-turca-web-en-thumb-300x300.jpg 300w, https:\/\/ankarakitapligi.org\/wp-content\/uploads\/2022\/11\/lg-la-diva-turca-web-en-thumb-150x150.jpg 150w, https:\/\/ankarakitapligi.org\/wp-content\/uploads\/2022\/11\/lg-la-diva-turca-web-en-thumb-768x768.jpg 768w, https:\/\/ankarakitapligi.org\/wp-content\/uploads\/2022\/11\/lg-la-diva-turca-web-en-thumb-600x600.jpg 600w, https:\/\/ankarakitapligi.org\/wp-content\/uploads\/2022\/11\/lg-la-diva-turca-web-en-thumb-100x100.jpg 100w\" sizes=\"auto, (max-width: 1000px) 100vw, 1000px\" \/>[\/vc_column_text][\/vc_column_inner][vc_column_inner width=&#8221;2\/3&#8243;][vc_column_text]<\/p>\n<h4>Documentary &#8211; Leyla Gencer: La Diva Turca<strong><br \/>\n<\/strong><\/h4>\n<p>In our final event of the year, we hosted the screening of<strong> Leyla Gencer: La Diva Turca<\/strong> , an inspiring biographical documentary attributed to Leyla Gencer, one of the greatest sopranos of the 20th century &#8211; based on <strong>Zeynep Oral<\/strong>\u2019s novel \u201cLeyla Gencer, a story of passion\u201c and directed by Selcuk Metin.<\/p>\n<p>It was an honour to meet these amazingly creative people in person: Zeynep Oral &#8211; acclaimed writer, journalist, critic and human rights advocate who enlightens us about the almost forgotten existence of Leyla Gencer and ensures that our very own diva will be remembered as one of the major musical idols in Turkish history.<\/p>\n<p><strong>Selcuk Metin<\/strong> &#8211; director, visionary and perseverant researcher; brilliantly captures the juxtaposed persona of Leyla Gencer, a fierce and extremely talented soprano who ruled the world of opera\u2019s Bel Canto genre despite her ceaseless stage fright, unforgiving rivals and the many difficulties of her times.<\/p>\n<p><strong>Adress:<\/strong> Innis Townhall, Toronto<br \/>\n<strong>Date:<\/strong> Sunday, December 11, 2022<br \/>\n<strong>Time:<\/strong> 1:00 &#8211; 4:00 pm[\/vc_column_text][\/vc_column_inner][\/vc_row_inner][vc_row_inner][vc_column_inner width=&#8221;1\/3&#8243;][vc_column_text]<img loading=\"lazy\" decoding=\"async\" class=\"alignnone size-full wp-image-9839\" src=\"https:\/\/ankarakitapligi.org\/wp-content\/uploads\/2022\/10\/omer-ozen-web.jpg\" alt=\"Omer Faruk Ozen\" width=\"812\" height=\"812\" srcset=\"https:\/\/ankarakitapligi.org\/wp-content\/uploads\/2022\/10\/omer-ozen-web.jpg 812w, https:\/\/ankarakitapligi.org\/wp-content\/uploads\/2022\/10\/omer-ozen-web-300x300.jpg 300w, https:\/\/ankarakitapligi.org\/wp-content\/uploads\/2022\/10\/omer-ozen-web-150x150.jpg 150w, https:\/\/ankarakitapligi.org\/wp-content\/uploads\/2022\/10\/omer-ozen-web-768x768.jpg 768w, https:\/\/ankarakitapligi.org\/wp-content\/uploads\/2022\/10\/omer-ozen-web-600x600.jpg 600w, https:\/\/ankarakitapligi.org\/wp-content\/uploads\/2022\/10\/omer-ozen-web-100x100.jpg 100w\" sizes=\"auto, (max-width: 812px) 100vw, 812px\" \/>[\/vc_column_text][\/vc_column_inner][vc_column_inner width=&#8221;2\/3&#8243;][vc_column_text]<\/p>\n<h4>Book signing with \u00d6mer F. \u00d6zen<\/h4>\n<p>Please join us as we host author, poet and journalist <strong>\u00d6mer F. \u00d6zen<\/strong> as our second guest at our new location. He will read and discuss three of his books, answer your questions and sign them. We are very privileged to have \u00d6mer F. \u00d6zen, at our library, as he has been very active in the Canadian Turkish community, providing a variety of communication services for many years.<\/p>\n<p>\u00d6mer F. \u00d6zen, is the founder of the monthly newspaper <em>Bizim Anadolu<\/em>, which has been publishing in three languages for 28 years. In addition, he has been organizing the Montreal Turkish Film Festival since 2009 and has worked as the Montreal correspondent for <em>Cumhuriyet Newspaper<\/em> for years, writing articles for the Sunday edition of the paper. He is still a member of the <em>Canadian Association of Journalists<\/em>, <em>Quebec Journalists Federation<\/em> and <em>Quebec Writers\u2019 Association<\/em> and has been awarded with many journalism awards in different practices.<\/p>\n<p><strong>Adress:<\/strong> Ankara Library, 1608 O\u2019Connor Drive, Toronto<br \/>\n<strong>Date:<\/strong> Sunday, November 20, 2022<br \/>\n<strong>Time:<\/strong> 1:00 &#8211; 4:00 pm[\/vc_column_text][\/vc_column_inner][\/vc_row_inner][vc_row_inner][vc_column_inner width=&#8221;1\/3&#8243;][vc_column_text]<img loading=\"lazy\" decoding=\"async\" class=\"alignnone wp-image-9814 size-full\" src=\"https:\/\/ankarakitapligi.org\/wp-content\/uploads\/2022\/08\/ali-sural-imza-gunu.jpg\" alt=\"Anil Sural\" width=\"500\" height=\"500\" srcset=\"https:\/\/ankarakitapligi.org\/wp-content\/uploads\/2022\/08\/ali-sural-imza-gunu.jpg 500w, https:\/\/ankarakitapligi.org\/wp-content\/uploads\/2022\/08\/ali-sural-imza-gunu-300x300.jpg 300w, https:\/\/ankarakitapligi.org\/wp-content\/uploads\/2022\/08\/ali-sural-imza-gunu-150x150.jpg 150w, https:\/\/ankarakitapligi.org\/wp-content\/uploads\/2022\/08\/ali-sural-imza-gunu-100x100.jpg 100w\" sizes=\"auto, (max-width: 500px) 100vw, 500px\" \/>[\/vc_column_text][\/vc_column_inner][vc_column_inner width=&#8221;2\/3&#8243;][vc_column_text]<\/p>\n<h4>Our very first book signing event at our new location<\/h4>\n<p>Journalist, reporter and writer <strong>An\u0131l Sural<\/strong> presented his new book<em> \u201cWhy I Came to America\u201d<\/em>, in which he tells the unknown life stories of important people who immigrated from Turkiye and settled in the USA. An\u0131l worked as the Washington correspondent for the <em>\u00d6nce Vatan<\/em> newspaper for years, covering The White House, US-Turkiye relations and much more.<\/p>\n<p>We feel privileged that An\u0131l spared a day from his Canadian tour to be with our members, discussing his experiences.<\/p>\n<p><strong>Adress:<\/strong> Ankara Library, 1608 O\u2019Connor Drive, Toronto<br \/>\n<strong>Date: <\/strong>Thursday, August 25, 2022<br \/>\n<strong>Time:<\/strong> 6:00 &#8211; 8:00 pm[\/vc_column_text][\/vc_column_inner][\/vc_row_inner][vc_row_inner][vc_column_inner width=&#8221;1\/3&#8243;][vc_column_text]<img loading=\"lazy\" decoding=\"async\" class=\"alignnone size-full wp-image-9807\" src=\"https:\/\/ankarakitapligi.org\/wp-content\/uploads\/2022\/07\/canada-day-2022-news.jpg\" alt=\"Canada Day picnic\" width=\"500\" height=\"500\" srcset=\"https:\/\/ankarakitapligi.org\/wp-content\/uploads\/2022\/07\/canada-day-2022-news.jpg 500w, https:\/\/ankarakitapligi.org\/wp-content\/uploads\/2022\/07\/canada-day-2022-news-300x300.jpg 300w, https:\/\/ankarakitapligi.org\/wp-content\/uploads\/2022\/07\/canada-day-2022-news-150x150.jpg 150w, https:\/\/ankarakitapligi.org\/wp-content\/uploads\/2022\/07\/canada-day-2022-news-100x100.jpg 100w\" sizes=\"auto, (max-width: 500px) 100vw, 500px\" \/>[\/vc_column_text][\/vc_column_inner][vc_column_inner width=&#8221;2\/3&#8243;][vc_column_text]<\/p>\n<h4>Annual July 1st &#8211; Canada Day Picnic<\/h4>\n<p>We organize our traditional <strong>Canada Day<\/strong> picnic together with Turkish Society of Canada each year on July 1<sup>st<\/sup>. Family and friends come together to have fun and celebrate Canada day in this public event. This special day is a great opportunity to make new friends, enjoy delicious food, play fun games and win great prizes.<\/p>\n<p><strong>Date &amp; Time:<\/strong> Friday, July 01, 2202<br \/>\n<strong>Time:<\/strong> 12:00pm -5:00pm<br \/>\n<strong>Location:<\/strong> Richard\u2019s Memorial Park, Mississauga[\/vc_column_text][\/vc_column_inner][\/vc_row_inner][vc_row_inner][vc_column_inner width=&#8221;1\/3&#8243; css=&#8221;.vc_custom_1650847347809{padding-top: 50px !important;}&#8221;][vc_video link=&#8221;https:\/\/youtu.be\/RDhK-YjiXaY&#8221;][\/vc_column_inner][vc_column_inner width=&#8221;2\/3&#8243;][vc_column_text]<\/p>\n<h4>Mine S\u00f6\u011f\u00fct \u2013 conversation series, June 2022<\/h4>\n<p>Our guest for this month\u2019s Ankara Library interview series is author <strong>Mine S\u00f6\u011f\u00fct<\/strong>. Generation researcher-writer <strong>Evrim Kuran<\/strong> conducted the interview on behalf of our library, to ask Mine S\u00f6\u011f\u00fct about her writing processes, goals and dreams. In her books, Mine questions how women are being perceived and women\u2019s position in society. She tries to \u201cwake us up\u201d by shaking us and leaving questions in our minds. In this short interview, she connects children\u2019s first reading experiences with reading habits of adults.<\/p>\n<p>Listen with interest and watch with pleasure the conversation that shows how reading and writing creates individuals with critical thinking skills.[\/vc_column_text][\/vc_column_inner][\/vc_row_inner][vc_row_inner][vc_column_inner width=&#8221;1\/3&#8243; css=&#8221;.vc_custom_1650847347809{padding-top: 50px !important;}&#8221;][vc_video link=&#8221;https:\/\/youtu.be\/jyx_yTRyzGI&#8221;][\/vc_column_inner][vc_column_inner width=&#8221;2\/3&#8243;][vc_column_text]<\/p>\n<h4>Dilek \u0130mamo\u011flu \u2013 conversation series, May 2022<\/h4>\n<p>On behalf of the library, this interview was conducted by journalist <strong>\u00d6m\u00fcr Kurt<\/strong>, columnist for <em>H\u00fcrriyet Newspaper<\/em>. \u00d6m\u00fcr Kurt is known for his studies in education, writing children\u2019s books and his research in this field. He interviewed our Mother\u2019s Day guest, <strong>Dilek \u0130mamo\u011flu<\/strong>, the wife of the Mayor of Istanbul, on her thoughts as a mother, a wife and an academic with the project \u201cInspirational Steps\u201d.<\/p>\n<p>Published as part of the <em>\u2018Grow Your Dreams\u2019<\/em> project, Dilek\u2019s book tells the encouraging success stories of forty valuable women who have lived and are living in Turkiye. By drawing attention to the power of women, her goal with this book is to find solutions to gender based in-equality and create\u00a0a free, fair and peaceful world, for all.<\/p>\n<p>In the interview, journalist \u00d6m\u00fcr questioned Dilek \u0130mamo\u011flu on the equal stance of women in relationships, women as mothers and her contribution as the wife of a politician.[\/vc_column_text][\/vc_column_inner][\/vc_row_inner][vc_row_inner][vc_column_inner width=&#8221;1\/3&#8243; css=&#8221;.vc_custom_1650847347809{padding-top: 50px !important;}&#8221;][vc_video link=&#8221;https:\/\/youtu.be\/UckJ4xsIlHg&#8221;][\/vc_column_inner][vc_column_inner width=&#8221;2\/3&#8243;][vc_column_text]<\/p>\n<h4>Children\u2019s Festival &#8211; April 23 National Sovereignty and Children\u2019s Day<\/h4>\n<p>April 23rd is the first and only celebrated <strong>children\u2019s day<\/strong> in the world. It is also the date of the establishment of the Turkish Grand National Assembly, where the first seeds of the modern Turkish Republic were planted. Our great leader Mustafa Kemal Atat\u00fcrk gifted this momentous day to our beloved children, which is now known as National Sovereignty and Children\u2019s Day. We are justifiably proud and happy to be celebrating its 102nd Anniversary.<\/p>\n<p>Dear Ankara Library Friends, we wanted to dedicate this special day to the conversation of our two special guests, <strong>Bahar \u00d6zdemir<\/strong> and <strong>\u00d6m\u00fcr Kurt<\/strong>. They will shed light on and open new doors for us on the topic of how to raise our children and keep them in touch with their roots even if they are thousands of kilometers away from our homeland. These two valuable guests gave us a warm and hopeful conversation based on their experience and what they did for children. We sincerely hope you don\u2019t miss this insightful discussion.[\/vc_column_text][\/vc_column_inner][\/vc_row_inner][vc_row_inner][vc_column_inner width=&#8221;1\/3&#8243;][vc_column_text]<img loading=\"lazy\" decoding=\"async\" class=\"alignnone size-full wp-image-9385\" src=\"https:\/\/ankarakitapligi.org\/wp-content\/uploads\/2022\/04\/evrim-home-thumb.jpg\" alt=\"Evrim Kuran\" width=\"500\" height=\"500\" srcset=\"https:\/\/ankarakitapligi.org\/wp-content\/uploads\/2022\/04\/evrim-home-thumb.jpg 500w, https:\/\/ankarakitapligi.org\/wp-content\/uploads\/2022\/04\/evrim-home-thumb-300x300.jpg 300w, https:\/\/ankarakitapligi.org\/wp-content\/uploads\/2022\/04\/evrim-home-thumb-150x150.jpg 150w, https:\/\/ankarakitapligi.org\/wp-content\/uploads\/2022\/04\/evrim-home-thumb-100x100.jpg 100w\" sizes=\"auto, (max-width: 500px) 100vw, 500px\" \/>[\/vc_column_text][\/vc_column_inner][vc_column_inner width=&#8221;2\/3&#8243;][vc_column_text]<\/p>\n<h4>Evrim Kuran \u2013 Book Launch and Book Signing Event<\/h4>\n<p>We hosted a book launch and book signing event where our dear friend and volunteer Evrim Kuran, a generational researcher, writer and author, introduced her latest book \u201cOnlar G\u00f6\u00e7t\u00fc Buradan\u201d.<\/p>\n<p>Evrim Kuran revealed the causes and consequences of the largest brain drain in history, which has taken place in Turkiye in recent years. She and her team had interviewed 3,253 migrants from all over Turkiye, who now live across 118 countries and 728 cities. She also showed us a glimpse of these people\u2019s lives, their longings and searches after migration.[\/vc_column_text][\/vc_column_inner][\/vc_row_inner][vc_row_inner][vc_column_inner width=&#8221;1\/3&#8243; css=&#8221;.vc_custom_1650847373655{padding-top: 50px !important;}&#8221;][vc_video link=&#8221;https:\/\/youtu.be\/zpcKDvxP0T4&#8243;][\/vc_column_inner][vc_column_inner width=&#8221;2\/3&#8243;][vc_column_text]<\/p>\n<h4>Interview with \u00d6zlem G\u00fcrses hosted by Evrim Kuran<\/h4>\n<p>On March 8, <strong>International Women\u2019s Day<\/strong>, we invite you to an interview with our guest, journalist, writer, television host and newscaster <strong>\u00d6zlem G\u00fcrses<\/strong> and our host, researcher and writer <strong>Evrim Kuran<\/strong>,<\/p>\n<p>Their warm and sincere discussions has deeply touched our audience of all ages.[\/vc_column_text][\/vc_column_inner][\/vc_row_inner][vc_row_inner][vc_column_inner width=&#8221;1\/3&#8243; css=&#8221;.vc_custom_1650847441219{padding-top: 50px !important;}&#8221;][vc_video link=&#8221;https:\/\/youtu.be\/1kYatEoGbvU&#8221;][\/vc_column_inner][vc_column_inner width=&#8221;2\/3&#8243;][vc_column_text]<\/p>\n<h4>Interview with \u0130pek Ongun hosted by Evrim Kuran<\/h4>\n<p>We have started the year 2022 with a heartwarming interview with two female authors who have written about young people. Our guest <strong>\u0130pek Ongun <\/strong>is a valuable author with nearly 30 novels, short stories and essays, which she has written since the 1980s. She has guided young people to become individuals who think by questioning, who have the joy of life and who love people. Our host is our dear friend, writer and researcher <strong>Evrim Kuran<\/strong>.<\/p>\n<p>\u0130pek Ongun and Evrim Kuran discussed topics such as the changing cultural and social living norms and the changes in youth culture from the 1990s to the present day, the pros and cons of today\u2019s virtual world.[\/vc_column_text][\/vc_column_inner][\/vc_row_inner][\/vc_column][\/vc_row]<\/p>\n<\/div>","protected":false},"excerpt":{"rendered":"<p>[vc_row css=&#8221;.vc_custom_1650846778806{background-color: #efefef !important;}&#8221;][vc_column][vc_column_text] 2022 Events [\/vc_column_text][vc_row_inner][vc_column_inner width=&#8221;1\/3&#8243;][vc_video link=&#8221;https:\/\/youtu.be\/WI2nVq683bw&#8221;][\/vc_column_inner][vc_column_inner width=&#8221;2\/3&#8243;][vc_column_text] In remembrance Sevim \u00d6nen 28.01.1924 &#8211; 3.02.2022[\/vc_column_text][\/vc_column_inner][\/vc_row_inner][vc_row_inner][vc_column_inner width=&#8221;1\/3&#8243;][vc_column_text][\/vc_column_text][\/vc_column_inner][vc_column_inner width=&#8221;2\/3&#8243;][vc_column_text] Documentary &#8211; Leyla Gencer: La Diva Turca In our final event of the year, we hosted the screening of Leyla Gencer: La Diva Turca , an inspiring biographical documentary attributed to Leyla Gencer, one of the..<\/p>\n","protected":false},"author":1,"featured_media":0,"parent":0,"menu_order":0,"comment_status":"closed","ping_status":"closed","template":"","meta":{"footnotes":""},"class_list":["post-10681","page","type-page","status-publish","hentry"],"_links":{"self":[{"href":"https:\/\/ankarakitapligi.org\/en\/wp-json\/wp\/v2\/pages\/10681","targetHints":{"allow":["GET"]}}],"collection":[{"href":"https:\/\/ankarakitapligi.org\/en\/wp-json\/wp\/v2\/pages"}],"about":[{"href":"https:\/\/ankarakitapligi.org\/en\/wp-json\/wp\/v2\/types\/page"}],"author":[{"embeddable":true,"href":"https:\/\/ankarakitapligi.org\/en\/wp-json\/wp\/v2\/users\/1"}],"replies":[{"embeddable":true,"href":"https:\/\/ankarakitapligi.org\/en\/wp-json\/wp\/v2\/comments?post=10681"}],"version-history":[{"count":5,"href":"https:\/\/ankarakitapligi.org\/en\/wp-json\/wp\/v2\/pages\/10681\/revisions"}],"predecessor-version":[{"id":10688,"href":"https:\/\/ankarakitapligi.org\/en\/wp-json\/wp\/v2\/pages\/10681\/revisions\/10688"}],"wp:attachment":[{"href":"https:\/\/ankarakitapligi.org\/en\/wp-json\/wp\/v2\/media?parent=10681"}],"curies":[{"name":"wp","href":"https:\/\/api.w.org\/{rel}","templated":true}]}}